{"id":392,"date":"2025-04-17T09:53:42","date_gmt":"2025-04-17T09:53:42","guid":{"rendered":"https:\/\/ciadef.com.br\/?page_id=392"},"modified":"2025-04-17T10:22:09","modified_gmt":"2025-04-17T10:22:09","slug":"endoscopia-digestiva-baixa","status":"publish","type":"page","link":"https:\/\/ciadef.com.br\/index.php\/endoscopia-digestiva-baixa\/","title":{"rendered":"Endoscopia Digestiva Baixa"},"content":{"rendered":"\t\t<div data-elementor-type=\"wp-page\" data-elementor-id=\"392\" class=\"elementor elementor-392\">\n\t\t\t\t<div class=\"elementor-element elementor-element-5caeeee e-grid e-con-boxed e-con e-parent\" data-id=\"5caeeee\" data-element_type=\"container\">\n\t\t\t\t\t<div class=\"e-con-inner\">\n\t\t\t\t<div class=\"elementor-element elementor-element-a53e9e3 elementor-widget elementor-widget-text-editor\" data-id=\"a53e9e3\" data-element_type=\"widget\" data-widget_type=\"text-editor.default\">\n\t\t\t\t<div class=\"elementor-widget-container\">\n\t\t\t<style>\/*! elementor - v3.23.0 - 25-07-2024 *\/\n.elementor-widget-text-editor.elementor-drop-cap-view-stacked .elementor-drop-cap{background-color:#69727d;color:#fff}.elementor-widget-text-editor.elementor-drop-cap-view-framed .elementor-drop-cap{color:#69727d;border:3px solid;background-color:transparent}.elementor-widget-text-editor:not(.elementor-drop-cap-view-default) .elementor-drop-cap{margin-top:8px}.elementor-widget-text-editor:not(.elementor-drop-cap-view-default) .elementor-drop-cap-letter{width:1em;height:1em}.elementor-widget-text-editor .elementor-drop-cap{float:left;text-align:center;line-height:1;font-size:50px}.elementor-widget-text-editor .elementor-drop-cap-letter{display:inline-block}<\/style>\t\t\t\t<h1>Colonoscopia<\/h1><div class=\"conteudo\"><div class=\"row-fluid\"><div class=\"span12\"><p>A Colonoscopia \u00e9 um exame relativamente pouco invasivo que permite a investiga\u00e7\u00e3o e o rastreio de dist\u00farbios do Intestino Grosso (C\u00f3lon e Reto). Ao contr\u00e1rio da Retossigmoidoscopia, um exame que se limita aos 60cm finais do Intestino Grosso, a Colonoscopia permite a visualiza\u00e7\u00e3o de toda a extens\u00e3o do Intestino Grosso e, em 80% dos casos, dos segmentos finais do Intestino Delgado (\u00cdleo Terminal).<\/p><p>Os exames endosc\u00f3picos trazem a vantagem de permitirem n\u00e3o somente a visualiza\u00e7\u00e3o das paredes internas do trato digestivo, mas tamb\u00e9m a realiza\u00e7\u00e3o de procedimentos no interior da luz intestinal, o que, frequentemente, permite a resolu\u00e7\u00e3o de doen\u00e7as ou, pelo menos, uma investiga\u00e7\u00e3o mais aprofundada atrav\u00e9s da realiza\u00e7\u00e3o de bi\u00f3psias.<\/p><p>Entre os procedimentos que podem ser realizados por via colonosc\u00f3pica, encontram-se a polipectomia (retirada de tumores, benignos ou malignos, em forma de p\u00f3lipos que surgem na parede do trato digestivo), a mucosectomia (retirada de tumores em fase inicial ou que ainda n\u00e3o invadiram as camadas mais profundas do intestino) e procedimentos desobstrutivos e hemost\u00e1ticos (ou seja, que interrompem sangramentos).<\/p><\/div><\/div><div class=\"row-fluid\"><div class=\"span12\"><h2>Indica\u00e7\u00f5es de Colonoscopia<\/h2><p>As principais indica\u00e7\u00f5es est\u00e3o relacionadas a investiga\u00e7\u00e3o de altera\u00e7\u00f5es do habito intestinal, como diarreia e constipa\u00e7\u00e3o (vide se\u00e7\u00e3o a respeito de S\u00edndrome do Intestino Irrit\u00e1vel), de dores e distens\u00e3o abdominal e de sangramento anal.<\/p><p>Al\u00e9m disso, a colonoscopia tem um papel fundamental no rastreamento e na preven\u00e7\u00e3o do c\u00e2ncer de Intestino Grosso (c\u00e2ncer colorretal), que, segundo o Instituto Nacional de C\u00e2ncer (INCA), \u00e9, no Brasil, o segundo c\u00e2ncer mais comum em mulheres e o terceiro mais comum em homens.* Segundo diretrizes nacionais e internacionais, todos os indiv\u00edduos com mais de 50 anos devem realizar pelo menos uma colonoscopia a cada 10 anos. Em indiv\u00edduos com fatores de risco, como hist\u00f3ria familiar de c\u00e2ncer, sintomas intestinais, tabagismo, indica-se a realiza\u00e7\u00e3o, inicialmente de retossigmoidoscopia e, posteriormente, de colonoscopia, em homens ap\u00f3s os 40 anos e em mulheres ap\u00f3s os 45 anos (apesar de ser o segundo c\u00e2ncer mais comum em mulheres e o terceiro em homens, ainda \u00e9, em termos absolutos, cerca de 25% mais frequente em homens).<\/p><p>*Excetuando-se c\u00e2ncer de pele<\/p><\/div><\/div><div class=\"row-fluid\"><div class=\"span12 alert alert-success\"><h2>Preparo e Especifica\u00e7\u00f5es para Endoscopia Digestiva Baixa\/Colonoscopia na CIADEF<\/h2><ol><li><strong>Dieta<\/strong>: A dieta abaixo serve como diretriz para um preparo adequado, mas n\u00e3o \u00e9 obrigat\u00f3ria. Caso opte por n\u00e3o seguir esta dieta, deve-se realizar uma dieta sem res\u00edduos, eliminando-se frutas, legumes, alimentos integrais, sopas com batatas e cenouras, bebidas gasosas, leites e derivados e todos os tipos de carne durante tr\u00eas dias antes do exame<ul><li><strong>Tr\u00eas Dias antes do exame<\/strong><ul><li><strong>8h &#8211; Desjejum<\/strong>: 200 ml de ch\u00e1 coado; 2 fatias de p\u00e3o torrado com mel;<\/li><li><strong>10h &#8211; Lanche da manh\u00e3<\/strong>: uma por\u00e7\u00e3o de 150mL de gelatina;<\/li><li><strong>12h &#8211; Almo\u00e7o<\/strong>: 100g de peito cozido e desfiado, sem pele e sem molho; 4 colheres de sopa de arroz branco (papa); suco de fruta sem polpa (coado) ou \u00e1gua \u00e0 vontade;<\/li><li><strong>16h &#8211; Lanche da tarde<\/strong>: 200mL de caf\u00e9 (com ou sem a\u00e7\u00facar) sem leite; 8 unidades de biscoito \u00e1gua e sal (n\u00e3o utilizar biscoito integral)<\/li><li><strong>20h &#8211; Jantar<\/strong>: 100g de fil\u00e9 de peixe grelhado (sem adi\u00e7\u00e3o de farinha); 4 colheres de sopa de arroz branco (papa); suco de fruta sem polpa (coado) ou \u00e1gua \u00e0 vontade;<\/li><li>OBS: Ingerir 1,5 L a 2 L de \u00e1gua durante o dia nos intervalos das refei\u00e7\u00f5es<\/li><\/ul><\/li><li><strong>Dois Dias antes do exame<\/strong><ul><li><strong>8h &#8211; Desjejum<\/strong>: 200 ml de caf\u00e9 (com ou sem a\u00e7\u00facar) sem leite; 3 unidades de merengue;<\/li><li><strong>10h &#8211; Lanche da manh\u00e3<\/strong>: 1 ovo cozido;<\/li><li><strong>12h &#8211; Almo\u00e7o<\/strong>: cozinhar 200 gramas de carne magra ou de frango com uma pitada de sal e ingerir SOMENTE o caldo (sem batata e sem arroz), suco de fruta sem polpa (coado) ou \u00e1gua \u00e0 vontade, 3 unidades de merengue;<\/li><li><strong>16h &#8211; Lanche da tarde<\/strong>: uma por\u00e7\u00e3o de 150 ml de gelatina;<\/li><li><strong>20h &#8211; Jantar<\/strong>: cozinhar 200 gramas de carne magra ou de frango com uma pitada de sal e ingerir SOMENTE o caldo (sem batata e sem arroz), suco de fruta sem polpa (coado) ou \u00e1gua \u00e0 vontade, 3 unidades de merengue;<\/li><li>OBS: ingerir 1,5 L a 2 L de \u00e1gua durante o dia nos intervalos das refei\u00e7\u00f5es.<\/li><\/ul><\/li><li><strong>Dia do Exame<\/strong>: Jejum 12 horas antes do exame<\/li><\/ul><\/li><li><strong>Jejum<\/strong> de 12 horas para qualquer alimento s\u00f3lido;<\/li><li><strong>Jejum<\/strong> de 8 horas para l\u00edquidos no geral, excetuando-se o Preparo do C\u00f3lon (leia abaixo)<\/li><li><strong>Jejum<\/strong> de 4 horas para \u00e1gua;<\/li><li><strong>Preparo do C\u00f3lon para o exame<\/strong> &#8211; Deve ser realizado para limpar o intestino, a fim de que se tenha uma visualiza\u00e7\u00e3o adequada da luz intestinal ao longo do exame. O preparo provocar\u00e1 evacua\u00e7\u00e3o e caso n\u00e3o seja realizado adequadamente, o exame pode ser comprometido e dever\u00e1 ser repetido posteriormente<ul><li><strong>Bisacodil<\/strong>: 2 comprimidos por via oral 24 horas antes do exame e 18 horas antes do exame;<\/li><li><strong>Manitol 20%<\/strong>: 250 ml + Suco de Laranja ou Lim\u00e3o 250 ml + 40 gotas de Simeticona (como Luftal\u00ae) por via oral 6 horas antes do exame, ingerindo esta mistura ao longo de uma hora (a ingest\u00e3o muito r\u00e1pida desta mistura pode provocar n\u00e1useas e v\u00f4mitos).<ul><li>Esta dose deve ser repetida 1 (uma) hora ap\u00f3s o t\u00e9rmino da ingesta da primeira mistura (ou seja, mais ou menos 4 horas antes do exame);<\/li><li>OBS: Manitol 20% pode n\u00e3o ser encontrado em farm\u00e1cias comuns, devendo ser solicitado em farm\u00e1cias de manipula\u00e7\u00e3o ou adquirido em alguns postos de sa\u00fade;<\/li><\/ul><\/li><\/ul><\/li><li><strong>Vir com roupas confort\u00e1veis<\/strong> e uma muda de roupa para troca caso necess\u00e1rio (podem ocorrer extravasamentos de l\u00edquidos ou secre\u00e7\u00f5es durante o exame);<\/li><li><strong>Trazer exames pr\u00e9vios<\/strong>, solicita\u00e7\u00e3o m\u00e9dica e autoriza\u00e7\u00e3o do conv\u00eanio, quando necess\u00e1rio;<\/li><li><strong>Tomar medica\u00e7\u00f5es de uso cont\u00ednuo<\/strong> (por exemplo, para hipertens\u00e3o) com gole d\u2019\u00e1gua at\u00e9 6 horas antes do exame, EXCETO hipoglicemiantes orais (rem\u00e9dios para diabetes tipo 2) e anticoagulantes, que devem ser retomados ap\u00f3s o exame;<\/li><li><strong>Interromper<\/strong>, quando poss\u00edvel, <strong>uso de Aspirina ou outros Anticoagulantes<\/strong> 5 dias antes do dia do exame. Caso isso n\u00e3o seja poss\u00edvel, favor <strong>avisar o m\u00e9dico solicitante e\/ou o m\u00e9dico que realizar\u00e1 o exame<\/strong> antes do in\u00edcio do mesmo;<\/li><li><strong>Pacientes com condi\u00e7\u00f5es clinicas de risco cl\u00ednico<\/strong> de qualquer natureza para procedimentos invasivos com seda\u00e7\u00e3o (por exemplo, doen\u00e7as card\u00edacas e respirat\u00f3rias) devem ser avaliados adequadamente por um m\u00e9dico capacitado antes da realiza\u00e7\u00e3o do exame;<\/li><li><strong>Pacientes idosos e\/ou com necessidades especiais<\/strong> devem comunicar a recep\u00e7\u00e3o da cl\u00ednica com anteced\u00eancia;<\/li><li>\u00c9 <strong>obrigat\u00f3ria a presen\u00e7a de acompanhante maior de idade<\/strong> e capaz de conduzir o paciente para sua resid\u00eancia ap\u00f3s o exame;<\/li><li>A <strong>retirada dos resultados<\/strong> \u00e9 realizada no local no mesmo dia da realiza\u00e7\u00e3o do exame;<\/li><li>Exames de <strong>Patologia<\/strong> (Bi\u00f3psias) devem ser levados pelo paciente\/acompanhante ao laborat\u00f3rio de sua escolha, e os resultados destes dependem dos prazos de cada laborat\u00f3rio;<\/li><li>Segundas Vias de laudos ser\u00e3o cobradas (consultar recep\u00e7\u00e3o);<\/li><\/ol><\/div><\/div><div class=\"row-fluid\"><div class=\"span12\"><p><strong>IMPORTANTE<\/strong>: infelizmente, o hor\u00e1rio agendado no momento da marca\u00e7\u00e3o da consulta se refere ao hor\u00e1rio ideal de chegada do paciente no local do exame, e n\u00e3o a hora da realiza\u00e7\u00e3o do mesmo, na medida em que muitos conv\u00eanios realizam a marca\u00e7\u00e3o da consulta de diversos pacientes no mesmo hor\u00e1rio por motivos log\u00edsticos e, por isso, o hor\u00e1rio do exame propriamente dito depende do andamento de todos os exames agendados;<\/p><p>Salientamos que TODOS os pacientes ser\u00e3o atendidos da mesma forma por toda a equipe e que procuramos atender \u00e0s necessidades de todos da melhor forma poss\u00edvel.<\/p><p>Pedimos desculpas antecipadas por qualquer inconveniente e agradecemos a compreens\u00e3o!<\/p><\/div><\/div><\/div>\t\t\t\t\t\t<\/div>\n\t\t\t\t<\/div>\n\t\t\t\t\t<\/div>\n\t\t\t\t<\/div>\n\t\t\t\t<\/div>\n\t\t","protected":false},"excerpt":{"rendered":"<p>Colonoscopia A Colonoscopia \u00e9 um exame relativamente pouco invasivo que permite a investiga\u00e7\u00e3o e o rastreio de dist\u00farbios do Intestino Grosso (C\u00f3lon e Reto). Ao contr\u00e1rio da Retossigmoidoscopia, um exame que se limita aos 60cm finais do Intestino Grosso, a Colonoscopia permite a visualiza\u00e7\u00e3o de toda a extens\u00e3o do Intestino Grosso e, em 80% dos [&hellip;]<\/p>\n","protected":false},"author":2,"featured_media":0,"parent":0,"menu_order":0,"comment_status":"closed","ping_status":"closed","template":"","meta":{"footnotes":""},"class_list":["post-392","page","type-page","status-publish","hentry"],"_links":{"self":[{"href":"https:\/\/ciadef.com.br\/index.php\/wp-json\/wp\/v2\/pages\/392","targetHints":{"allow":["GET"]}}],"collection":[{"href":"https:\/\/ciadef.com.br\/index.php\/wp-json\/wp\/v2\/pages"}],"about":[{"href":"https:\/\/ciadef.com.br\/index.php\/wp-json\/wp\/v2\/types\/page"}],"author":[{"embeddable":true,"href":"https:\/\/ciadef.com.br\/index.php\/wp-json\/wp\/v2\/users\/2"}],"replies":[{"embeddable":true,"href":"https:\/\/ciadef.com.br\/index.php\/wp-json\/wp\/v2\/comments?post=392"}],"version-history":[{"count":7,"href":"https:\/\/ciadef.com.br\/index.php\/wp-json\/wp\/v2\/pages\/392\/revisions"}],"predecessor-version":[{"id":437,"href":"https:\/\/ciadef.com.br\/index.php\/wp-json\/wp\/v2\/pages\/392\/revisions\/437"}],"wp:attachment":[{"href":"https:\/\/ciadef.com.br\/index.php\/wp-json\/wp\/v2\/media?parent=392"}],"curies":[{"name":"wp","href":"https:\/\/api.w.org\/{rel}","templated":true}]}}