{"id":387,"date":"2025-04-17T09:51:50","date_gmt":"2025-04-17T09:51:50","guid":{"rendered":"https:\/\/ciadef.com.br\/?page_id=387"},"modified":"2025-04-17T10:21:20","modified_gmt":"2025-04-17T10:21:20","slug":"endoscopia-digestiva-alta","status":"publish","type":"page","link":"https:\/\/ciadef.com.br\/index.php\/endoscopia-digestiva-alta\/","title":{"rendered":"Endoscopia digestiva alta"},"content":{"rendered":"\t\t<div data-elementor-type=\"wp-page\" data-elementor-id=\"387\" class=\"elementor elementor-387\">\n\t\t\t\t<div class=\"elementor-element elementor-element-77f5392 e-grid e-con-boxed e-con e-parent\" data-id=\"77f5392\" data-element_type=\"container\">\n\t\t\t\t\t<div class=\"e-con-inner\">\n\t\t\t\t<div class=\"elementor-element elementor-element-32c0202 elementor-widget elementor-widget-text-editor\" data-id=\"32c0202\" data-element_type=\"widget\" data-widget_type=\"text-editor.default\">\n\t\t\t\t<div class=\"elementor-widget-container\">\n\t\t\t<style>\/*! elementor - v3.23.0 - 25-07-2024 *\/\n.elementor-widget-text-editor.elementor-drop-cap-view-stacked .elementor-drop-cap{background-color:#69727d;color:#fff}.elementor-widget-text-editor.elementor-drop-cap-view-framed .elementor-drop-cap{color:#69727d;border:3px solid;background-color:transparent}.elementor-widget-text-editor:not(.elementor-drop-cap-view-default) .elementor-drop-cap{margin-top:8px}.elementor-widget-text-editor:not(.elementor-drop-cap-view-default) .elementor-drop-cap-letter{width:1em;height:1em}.elementor-widget-text-editor .elementor-drop-cap{float:left;text-align:center;line-height:1;font-size:50px}.elementor-widget-text-editor .elementor-drop-cap-letter{display:inline-block}<\/style>\t\t\t\t<h1>Esofagogastroduodenoscopia<\/h1><div class=\"conteudo\"><div class=\"row-fluid\"><div class=\"span12\"><p>A EDA \u00e9 um procedimento r\u00e1pido e pouco invasivo que permite a investiga\u00e7\u00e3o, a identifica\u00e7\u00e3o e o tratamento de diversas condi\u00e7\u00f5es que atingem o Es\u00f4fago, o Est\u00f4mago e o Duodeno (parte do Intestino Delgado).<\/p><p>Este procedimento permite detectar doen\u00e7as como Esofagite (inflama\u00e7\u00e3o do Es\u00f4fago), H\u00e9rnia de Hiato, Gastrite e \u00dalceras. Al\u00e9m disso, \u00e9 poss\u00edvel realizar, atrav\u00e9s de bi\u00f3psia, pesquisa da presen\u00e7a da bact\u00e9ria <em>Helicobacter pylori<\/em>, um microrganismo presente no aparelho digestivo em mais de 50% da popula\u00e7\u00e3o mundial e que pode ser o causador de doen\u00e7as como \u00dalceras e Gastrite.<\/p><p>O preparo para o exame \u00e9 relativamente simples: exige jejum de 12 horas antes do exame e a ingest\u00e3o de um frasco de Luftal\u00ae logo antes do procedimento.<\/p><p>O procedimento leva cerca de 15 minutos e \u00e9 realizado com seda\u00e7\u00e3o, n\u00e3o sendo comum qualquer sensa\u00e7\u00e3o dolorosa. A recupera\u00e7\u00e3o \u00e9 vari\u00e1vel, mas geralmente est\u00e1 entre 30 e 60 minutos.<\/p><p>Os pacientes que ser\u00e3o submetidos a esse exame devem comparecer no local sempre com algum acompanhante, na medida em que o efeito da seda\u00e7\u00e3o se prolongar por mais de 60 minutos e o paciente pode necessitar de aux\u00edlio para sair do local.<\/p><p>O resultado da Endoscopia Digestiva Alta \u00e9 descrito em um Laudo, que cont\u00e9m a descri\u00e7\u00e3o, por escrito, do procedimento e fotografias do Trato Digestivo que foram realizadas durante o exame.<\/p><p>Indica\u00e7\u00f5es de EDA<\/p><p>As indica\u00e7\u00f5es de EDA s\u00e3o muito variadas e incluem desde altera\u00e7\u00f5es nas pregas vocais e na orofaringe, dist\u00farbios de degluti\u00e7\u00e3o, dor ou dificuldade de engolir (disfagia), dor de est\u00f4mago, at\u00e9 hemorragias digestivas.<\/p><p>A Endoscopia Digestiva Alta tamb\u00e9m tem um papel extremamente importante no rastreio de c\u00e2ncer de Es\u00f4fago e de Est\u00f4mago em indiv\u00edduos que fa\u00e7am parte de um grupo de risco para estas doen\u00e7as.<\/p><\/div><\/div><div class=\"row-fluid\"><div class=\"span12 alert alert-success\"><h2>Preparo e Especifica\u00e7\u00f5es para Endoscopia Digestiva Alta na CIADEF<\/h2><ol><li><strong>Dieta<\/strong> leve e preferencialmente l\u00edquida nas 24 horas que antecedem o exame: evitar ingest\u00e3o de alimentos gordurosos (como maionese) e de frituras (como past\u00e9is e batatas-fritas), bem como de alimentos \u201cpesados\u201d, como feijoadas;<\/li><li><strong>Jejum<\/strong> de 12 horas para <strong>qualquer<\/strong> alimento s\u00f3lido;<\/li><li><strong>Jejum<\/strong> de 8 horas para <strong>l\u00edquidos<\/strong> e pastosos no geral;<\/li><li><strong>Jejum<\/strong> de 4 horas para \u00e1gua;<\/li><li><strong>Trazer um frasco de Simeticona Gotas<\/strong> (p.ex., Luftal\u00ae, Flagass\u00ae) para ingerir antes de entrar na sala de exames;<\/li><li><strong>Vir com roupas confort\u00e1veis<\/strong> e uma muda de roupa para troca caso necess\u00e1rio (podem ocorrer extravasamentos de l\u00edquidos ou secre\u00e7\u00f5es durante o exame);<\/li><li><strong>Trazer exames pr\u00e9vios<\/strong>, solicita\u00e7\u00e3o m\u00e9dica e autoriza\u00e7\u00e3o do conv\u00eanio, quando necess\u00e1rio;<\/li><li><strong>Tomar medica\u00e7\u00f5es de uso cont\u00ednuo<\/strong> (por exemplo, medicamentos para hipertens\u00e3o) com gole d\u2019\u00e1gua at\u00e9 6 horas antes do exame, EXCETO hipoglicemiantes orais (rem\u00e9dios para diabetes tipo 2) e anticoagulantes, que devem ser retomados ap\u00f3s o exame;<\/li><li><strong>Interromper, quando poss\u00edvel, uso de Aspirina ou outros Anticoagulantes 5 dias antes<\/strong> do dia do exame. Caso isso n\u00e3o seja poss\u00edvel, favor avisar o m\u00e9dico solicitante e\/ou o m\u00e9dico que realizar\u00e1 o exame antes do in\u00edcio do mesmo;<\/li><li><strong>Pacientes com condi\u00e7\u00f5es clinicas de risco cl\u00ednico<\/strong> de qualquer natureza para procedimentos invasivos com seda\u00e7\u00e3o (por exemplo, doen\u00e7as card\u00edacas e respirat\u00f3rias) devem ser avaliados adequadamente por um m\u00e9dico capacitado antes da realiza\u00e7\u00e3o do exame;<\/li><li><strong>Pacientes idosos e\/ou com necessidades especiais<\/strong> devem comunicar a recep\u00e7\u00e3o da cl\u00ednica com anteced\u00eancia;<\/li><li>\u00c9 <strong>obrigat\u00f3ria a presen\u00e7a de acompanhante<\/strong> maior de idade e capaz de conduzir o paciente para sua resid\u00eancia ap\u00f3s o exame;<\/li><li>A <strong>retirada dos resultados<\/strong> \u00e9 realizada no local no mesmo dia da realiza\u00e7\u00e3o do exame;<\/li><li><strong>Exames de Patologia<\/strong> (Bi\u00f3psias) devem ser levados pelo paciente\/acompanhante ao laborat\u00f3rio de sua escolha, e os resultados destes dependem dos prazos de cada laborat\u00f3rio;<\/li><li><strong>Segundas Vias<\/strong> de laudos ser\u00e3o cobradas (consultar recep\u00e7\u00e3o);<\/li><\/ol><\/div><\/div><div class=\"row-fluid\"><div class=\"span12\"><p><strong>IMPORTANTE<\/strong>: infelizmente, o hor\u00e1rio agendado no momento da marca\u00e7\u00e3o da consulta se refere ao hor\u00e1rio ideal de chegada do paciente no local do exame, e n\u00e3o a hora da realiza\u00e7\u00e3o do mesmo, na medida em que muitos conv\u00eanios realizam a marca\u00e7\u00e3o da consulta de diversos pacientes no mesmo hor\u00e1rio por motivos log\u00edsticos e, por isso, o hor\u00e1rio do exame propriamente dito depende do andamento de todos os exames agendados;<\/p><p>Salientamos que TODOS os pacientes ser\u00e3o atendidos da mesma forma por toda a equipe e que procuramos atender \u00e0s necessidades de todos da melhor forma poss\u00edvel.<\/p><p>Pedimos desculpas antecipadas por qualquer inconveniente e agradecemos a compreens\u00e3o!<\/p><\/div><\/div><\/div>\t\t\t\t\t\t<\/div>\n\t\t\t\t<\/div>\n\t\t\t\t\t<\/div>\n\t\t\t\t<\/div>\n\t\t\t\t<\/div>\n\t\t","protected":false},"excerpt":{"rendered":"<p>Esofagogastroduodenoscopia A EDA \u00e9 um procedimento r\u00e1pido e pouco invasivo que permite a investiga\u00e7\u00e3o, a identifica\u00e7\u00e3o e o tratamento de diversas condi\u00e7\u00f5es que atingem o Es\u00f4fago, o Est\u00f4mago e o Duodeno (parte do Intestino Delgado). Este procedimento permite detectar doen\u00e7as como Esofagite (inflama\u00e7\u00e3o do Es\u00f4fago), H\u00e9rnia de Hiato, Gastrite e \u00dalceras. Al\u00e9m disso, \u00e9 poss\u00edvel [&hellip;]<\/p>\n","protected":false},"author":2,"featured_media":0,"parent":0,"menu_order":0,"comment_status":"closed","ping_status":"closed","template":"","meta":{"footnotes":""},"class_list":["post-387","page","type-page","status-publish","hentry"],"_links":{"self":[{"href":"https:\/\/ciadef.com.br\/index.php\/wp-json\/wp\/v2\/pages\/387","targetHints":{"allow":["GET"]}}],"collection":[{"href":"https:\/\/ciadef.com.br\/index.php\/wp-json\/wp\/v2\/pages"}],"about":[{"href":"https:\/\/ciadef.com.br\/index.php\/wp-json\/wp\/v2\/types\/page"}],"author":[{"embeddable":true,"href":"https:\/\/ciadef.com.br\/index.php\/wp-json\/wp\/v2\/users\/2"}],"replies":[{"embeddable":true,"href":"https:\/\/ciadef.com.br\/index.php\/wp-json\/wp\/v2\/comments?post=387"}],"version-history":[{"count":6,"href":"https:\/\/ciadef.com.br\/index.php\/wp-json\/wp\/v2\/pages\/387\/revisions"}],"predecessor-version":[{"id":434,"href":"https:\/\/ciadef.com.br\/index.php\/wp-json\/wp\/v2\/pages\/387\/revisions\/434"}],"wp:attachment":[{"href":"https:\/\/ciadef.com.br\/index.php\/wp-json\/wp\/v2\/media?parent=387"}],"curies":[{"name":"wp","href":"https:\/\/api.w.org\/{rel}","templated":true}]}}