{"id":337,"date":"2025-03-06T11:49:43","date_gmt":"2025-03-06T11:49:43","guid":{"rendered":"https:\/\/ciadef.com.br\/?page_id=337"},"modified":"2025-04-17T10:16:20","modified_gmt":"2025-04-17T10:16:20","slug":"material-informativo","status":"publish","type":"page","link":"https:\/\/ciadef.com.br\/index.php\/material-informativo\/","title":{"rendered":"Material informativo"},"content":{"rendered":"\t\t<div data-elementor-type=\"wp-page\" data-elementor-id=\"337\" class=\"elementor elementor-337\">\n\t\t\t\t<div class=\"elementor-element elementor-element-4f1235c e-grid e-con-boxed e-con e-parent\" data-id=\"4f1235c\" data-element_type=\"container\">\n\t\t\t\t\t<div class=\"e-con-inner\">\n\t\t\t\t<div class=\"elementor-element elementor-element-fca74dc elementor-list-item-link-inline elementor-align-center elementor-icon-list--layout-traditional elementor-invisible elementor-widget elementor-widget-icon-list\" data-id=\"fca74dc\" data-element_type=\"widget\" data-settings=\"{&quot;_animation&quot;:&quot;fadeIn&quot;}\" data-widget_type=\"icon-list.default\">\n\t\t\t\t<div class=\"elementor-widget-container\">\n\t\t\t<link rel=\"stylesheet\" href=\"https:\/\/ciadef.com.br\/wp-content\/plugins\/elementor\/assets\/css\/widget-icon-list.min.css\">\t\t<ul class=\"elementor-icon-list-items\">\n\t\t\t\t\t\t\t<li class=\"elementor-icon-list-item\">\n\t\t\t\t\t\t\t\t\t\t\t<a href=\"https:\/\/ciadef.com.br\/index.php\/obesidade\/\" target=\"_blank\">\n\n\t\t\t\t\t\t\t\t\t\t\t\t<span class=\"elementor-icon-list-icon\">\n\t\t\t\t\t\t\t<svg aria-hidden=\"true\" class=\"e-font-icon-svg e-fas-laptop-medical\" viewBox=\"0 0 640 512\" xmlns=\"http:\/\/www.w3.org\/2000\/svg\"><path d=\"M232 224h56v56a8 8 0 0 0 8 8h48a8 8 0 0 0 8-8v-56h56a8 8 0 0 0 8-8v-48a8 8 0 0 0-8-8h-56v-56a8 8 0 0 0-8-8h-48a8 8 0 0 0-8 8v56h-56a8 8 0 0 0-8 8v48a8 8 0 0 0 8 8zM576 48a48.14 48.14 0 0 0-48-48H112a48.14 48.14 0 0 0-48 48v336h512zm-64 272H128V64h384zm112 96H381.54c-.74 19.81-14.71 32-32.74 32H288c-18.69 0-33-17.47-32.77-32H16a16 16 0 0 0-16 16v16a64.19 64.19 0 0 0 64 64h512a64.19 64.19 0 0 0 64-64v-16a16 16 0 0 0-16-16z\"><\/path><\/svg>\t\t\t\t\t\t<\/span>\n\t\t\t\t\t\t\t\t\t\t<span class=\"elementor-icon-list-text\">Obesidade<\/span>\n\t\t\t\t\t\t\t\t\t\t\t<\/a>\n\t\t\t\t\t\t\t\t\t<\/li>\n\t\t\t\t\t\t\t\t<li class=\"elementor-icon-list-item\">\n\t\t\t\t\t\t\t\t\t\t\t<a href=\"https:\/\/ciadef.com.br\/index.php\/gastrite\/\">\n\n\t\t\t\t\t\t\t\t\t\t\t\t<span class=\"elementor-icon-list-icon\">\n\t\t\t\t\t\t\t<svg aria-hidden=\"true\" class=\"e-font-icon-svg e-fas-laptop-medical\" viewBox=\"0 0 640 512\" xmlns=\"http:\/\/www.w3.org\/2000\/svg\"><path d=\"M232 224h56v56a8 8 0 0 0 8 8h48a8 8 0 0 0 8-8v-56h56a8 8 0 0 0 8-8v-48a8 8 0 0 0-8-8h-56v-56a8 8 0 0 0-8-8h-48a8 8 0 0 0-8 8v56h-56a8 8 0 0 0-8 8v48a8 8 0 0 0 8 8zM576 48a48.14 48.14 0 0 0-48-48H112a48.14 48.14 0 0 0-48 48v336h512zm-64 272H128V64h384zm112 96H381.54c-.74 19.81-14.71 32-32.74 32H288c-18.69 0-33-17.47-32.77-32H16a16 16 0 0 0-16 16v16a64.19 64.19 0 0 0 64 64h512a64.19 64.19 0 0 0 64-64v-16a16 16 0 0 0-16-16z\"><\/path><\/svg>\t\t\t\t\t\t<\/span>\n\t\t\t\t\t\t\t\t\t\t<span class=\"elementor-icon-list-text\">Ulcera, gastrite  e Refluxo<\/span>\n\t\t\t\t\t\t\t\t\t\t\t<\/a>\n\t\t\t\t\t\t\t\t\t<\/li>\n\t\t\t\t\t\t\t\t<li class=\"elementor-icon-list-item\">\n\t\t\t\t\t\t\t\t\t\t\t<a href=\"https:\/\/ciadef.com.br\/index.php\/intestino-irritavel\/\">\n\n\t\t\t\t\t\t\t\t\t\t\t\t<span class=\"elementor-icon-list-icon\">\n\t\t\t\t\t\t\t<svg aria-hidden=\"true\" class=\"e-font-icon-svg e-fas-laptop-medical\" viewBox=\"0 0 640 512\" xmlns=\"http:\/\/www.w3.org\/2000\/svg\"><path d=\"M232 224h56v56a8 8 0 0 0 8 8h48a8 8 0 0 0 8-8v-56h56a8 8 0 0 0 8-8v-48a8 8 0 0 0-8-8h-56v-56a8 8 0 0 0-8-8h-48a8 8 0 0 0-8 8v56h-56a8 8 0 0 0-8 8v48a8 8 0 0 0 8 8zM576 48a48.14 48.14 0 0 0-48-48H112a48.14 48.14 0 0 0-48 48v336h512zm-64 272H128V64h384zm112 96H381.54c-.74 19.81-14.71 32-32.74 32H288c-18.69 0-33-17.47-32.77-32H16a16 16 0 0 0-16 16v16a64.19 64.19 0 0 0 64 64h512a64.19 64.19 0 0 0 64-64v-16a16 16 0 0 0-16-16z\"><\/path><\/svg>\t\t\t\t\t\t<\/span>\n\t\t\t\t\t\t\t\t\t\t<span class=\"elementor-icon-list-text\">S\u00edndrome do Intestino Irrit\u00e1vel <\/span>\n\t\t\t\t\t\t\t\t\t\t\t<\/a>\n\t\t\t\t\t\t\t\t\t<\/li>\n\t\t\t\t\t\t\t\t<li class=\"elementor-icon-list-item\">\n\t\t\t\t\t\t\t\t\t\t\t<a href=\"https:\/\/ciadef.com.br\/index.php\/hemorroidas\/\">\n\n\t\t\t\t\t\t\t\t\t\t\t\t<span class=\"elementor-icon-list-icon\">\n\t\t\t\t\t\t\t<svg aria-hidden=\"true\" class=\"e-font-icon-svg e-fas-laptop-medical\" viewBox=\"0 0 640 512\" xmlns=\"http:\/\/www.w3.org\/2000\/svg\"><path d=\"M232 224h56v56a8 8 0 0 0 8 8h48a8 8 0 0 0 8-8v-56h56a8 8 0 0 0 8-8v-48a8 8 0 0 0-8-8h-56v-56a8 8 0 0 0-8-8h-48a8 8 0 0 0-8 8v56h-56a8 8 0 0 0-8 8v48a8 8 0 0 0 8 8zM576 48a48.14 48.14 0 0 0-48-48H112a48.14 48.14 0 0 0-48 48v336h512zm-64 272H128V64h384zm112 96H381.54c-.74 19.81-14.71 32-32.74 32H288c-18.69 0-33-17.47-32.77-32H16a16 16 0 0 0-16 16v16a64.19 64.19 0 0 0 64 64h512a64.19 64.19 0 0 0 64-64v-16a16 16 0 0 0-16-16z\"><\/path><\/svg>\t\t\t\t\t\t<\/span>\n\t\t\t\t\t\t\t\t\t\t<span class=\"elementor-icon-list-text\">Hemorr\u00f3idas <\/span>\n\t\t\t\t\t\t\t\t\t\t\t<\/a>\n\t\t\t\t\t\t\t\t\t<\/li>\n\t\t\t\t\t\t\t\t<li class=\"elementor-icon-list-item\">\n\t\t\t\t\t\t\t\t\t\t\t<a href=\"https:\/\/ciadef.com.br\/index.php\/endoscopia-digestiva-alta\/\">\n\n\t\t\t\t\t\t\t\t\t\t\t\t<span class=\"elementor-icon-list-icon\">\n\t\t\t\t\t\t\t<svg aria-hidden=\"true\" class=\"e-font-icon-svg e-fas-laptop-medical\" viewBox=\"0 0 640 512\" xmlns=\"http:\/\/www.w3.org\/2000\/svg\"><path d=\"M232 224h56v56a8 8 0 0 0 8 8h48a8 8 0 0 0 8-8v-56h56a8 8 0 0 0 8-8v-48a8 8 0 0 0-8-8h-56v-56a8 8 0 0 0-8-8h-48a8 8 0 0 0-8 8v56h-56a8 8 0 0 0-8 8v48a8 8 0 0 0 8 8zM576 48a48.14 48.14 0 0 0-48-48H112a48.14 48.14 0 0 0-48 48v336h512zm-64 272H128V64h384zm112 96H381.54c-.74 19.81-14.71 32-32.74 32H288c-18.69 0-33-17.47-32.77-32H16a16 16 0 0 0-16 16v16a64.19 64.19 0 0 0 64 64h512a64.19 64.19 0 0 0 64-64v-16a16 16 0 0 0-16-16z\"><\/path><\/svg>\t\t\t\t\t\t<\/span>\n\t\t\t\t\t\t\t\t\t\t<span class=\"elementor-icon-list-text\">Endoscopia Digestiva Alta <\/span>\n\t\t\t\t\t\t\t\t\t\t\t<\/a>\n\t\t\t\t\t\t\t\t\t<\/li>\n\t\t\t\t\t\t\t\t<li class=\"elementor-icon-list-item\">\n\t\t\t\t\t\t\t\t\t\t\t<a href=\"https:\/\/ciadef.com.br\/index.php\/endoscopia-digestiva-baixa\/\">\n\n\t\t\t\t\t\t\t\t\t\t\t\t<span class=\"elementor-icon-list-icon\">\n\t\t\t\t\t\t\t<svg aria-hidden=\"true\" class=\"e-font-icon-svg e-fas-laptop-medical\" viewBox=\"0 0 640 512\" xmlns=\"http:\/\/www.w3.org\/2000\/svg\"><path d=\"M232 224h56v56a8 8 0 0 0 8 8h48a8 8 0 0 0 8-8v-56h56a8 8 0 0 0 8-8v-48a8 8 0 0 0-8-8h-56v-56a8 8 0 0 0-8-8h-48a8 8 0 0 0-8 8v56h-56a8 8 0 0 0-8 8v48a8 8 0 0 0 8 8zM576 48a48.14 48.14 0 0 0-48-48H112a48.14 48.14 0 0 0-48 48v336h512zm-64 272H128V64h384zm112 96H381.54c-.74 19.81-14.71 32-32.74 32H288c-18.69 0-33-17.47-32.77-32H16a16 16 0 0 0-16 16v16a64.19 64.19 0 0 0 64 64h512a64.19 64.19 0 0 0 64-64v-16a16 16 0 0 0-16-16z\"><\/path><\/svg>\t\t\t\t\t\t<\/span>\n\t\t\t\t\t\t\t\t\t\t<span class=\"elementor-icon-list-text\">Endoscopia Digestiva baixa<\/span>\n\t\t\t\t\t\t\t\t\t\t\t<\/a>\n\t\t\t\t\t\t\t\t\t<\/li>\n\t\t\t\t\t\t\t\t<li class=\"elementor-icon-list-item\">\n\t\t\t\t\t\t\t\t\t\t\t<a href=\"https:\/\/ciadef.com.br\/index.php\/balao-intragastrico\/\">\n\n\t\t\t\t\t\t\t\t\t\t\t\t<span class=\"elementor-icon-list-icon\">\n\t\t\t\t\t\t\t<svg aria-hidden=\"true\" class=\"e-font-icon-svg e-fas-laptop-medical\" viewBox=\"0 0 640 512\" xmlns=\"http:\/\/www.w3.org\/2000\/svg\"><path d=\"M232 224h56v56a8 8 0 0 0 8 8h48a8 8 0 0 0 8-8v-56h56a8 8 0 0 0 8-8v-48a8 8 0 0 0-8-8h-56v-56a8 8 0 0 0-8-8h-48a8 8 0 0 0-8 8v56h-56a8 8 0 0 0-8 8v48a8 8 0 0 0 8 8zM576 48a48.14 48.14 0 0 0-48-48H112a48.14 48.14 0 0 0-48 48v336h512zm-64 272H128V64h384zm112 96H381.54c-.74 19.81-14.71 32-32.74 32H288c-18.69 0-33-17.47-32.77-32H16a16 16 0 0 0-16 16v16a64.19 64.19 0 0 0 64 64h512a64.19 64.19 0 0 0 64-64v-16a16 16 0 0 0-16-16z\"><\/path><\/svg>\t\t\t\t\t\t<\/span>\n\t\t\t\t\t\t\t\t\t\t<span class=\"elementor-icon-list-text\">Bal\u00e3o Intrag\u00e1strico<\/span>\n\t\t\t\t\t\t\t\t\t\t\t<\/a>\n\t\t\t\t\t\t\t\t\t<\/li>\n\t\t\t\t\t\t\t\t<li class=\"elementor-icon-list-item\">\n\t\t\t\t\t\t\t\t\t\t\t<a href=\"https:\/\/ciadef.com.br\/index.php\/constipacao-intestinal\/\">\n\n\t\t\t\t\t\t\t\t\t\t\t\t<span class=\"elementor-icon-list-icon\">\n\t\t\t\t\t\t\t<svg aria-hidden=\"true\" class=\"e-font-icon-svg e-fas-laptop-medical\" viewBox=\"0 0 640 512\" xmlns=\"http:\/\/www.w3.org\/2000\/svg\"><path d=\"M232 224h56v56a8 8 0 0 0 8 8h48a8 8 0 0 0 8-8v-56h56a8 8 0 0 0 8-8v-48a8 8 0 0 0-8-8h-56v-56a8 8 0 0 0-8-8h-48a8 8 0 0 0-8 8v56h-56a8 8 0 0 0-8 8v48a8 8 0 0 0 8 8zM576 48a48.14 48.14 0 0 0-48-48H112a48.14 48.14 0 0 0-48 48v336h512zm-64 272H128V64h384zm112 96H381.54c-.74 19.81-14.71 32-32.74 32H288c-18.69 0-33-17.47-32.77-32H16a16 16 0 0 0-16 16v16a64.19 64.19 0 0 0 64 64h512a64.19 64.19 0 0 0 64-64v-16a16 16 0 0 0-16-16z\"><\/path><\/svg>\t\t\t\t\t\t<\/span>\n\t\t\t\t\t\t\t\t\t\t<span class=\"elementor-icon-list-text\">Constipa\u00e7\u00e3o Intestinal <\/span>\n\t\t\t\t\t\t\t\t\t\t\t<\/a>\n\t\t\t\t\t\t\t\t\t<\/li>\n\t\t\t\t\t\t\t\t<li class=\"elementor-icon-list-item\">\n\t\t\t\t\t\t\t\t\t\t\t<a href=\"https:\/\/ciadef.com.br\/index.php\/doenca-diverticular\/\">\n\n\t\t\t\t\t\t\t\t\t\t\t\t<span class=\"elementor-icon-list-icon\">\n\t\t\t\t\t\t\t<svg aria-hidden=\"true\" class=\"e-font-icon-svg e-fas-laptop-medical\" viewBox=\"0 0 640 512\" xmlns=\"http:\/\/www.w3.org\/2000\/svg\"><path d=\"M232 224h56v56a8 8 0 0 0 8 8h48a8 8 0 0 0 8-8v-56h56a8 8 0 0 0 8-8v-48a8 8 0 0 0-8-8h-56v-56a8 8 0 0 0-8-8h-48a8 8 0 0 0-8 8v56h-56a8 8 0 0 0-8 8v48a8 8 0 0 0 8 8zM576 48a48.14 48.14 0 0 0-48-48H112a48.14 48.14 0 0 0-48 48v336h512zm-64 272H128V64h384zm112 96H381.54c-.74 19.81-14.71 32-32.74 32H288c-18.69 0-33-17.47-32.77-32H16a16 16 0 0 0-16 16v16a64.19 64.19 0 0 0 64 64h512a64.19 64.19 0 0 0 64-64v-16a16 16 0 0 0-16-16z\"><\/path><\/svg>\t\t\t\t\t\t<\/span>\n\t\t\t\t\t\t\t\t\t\t<span class=\"elementor-icon-list-text\">Doen\u00e7a Diverticular<\/span>\n\t\t\t\t\t\t\t\t\t\t\t<\/a>\n\t\t\t\t\t\t\t\t\t<\/li>\n\t\t\t\t\t\t<\/ul>\n\t\t\t\t<\/div>\n\t\t\t\t<\/div>\n\t\t\t\t\t<\/div>\n\t\t\t\t<\/div>\n\t\t<div class=\"elementor-element elementor-element-fa95bda e-grid e-con-boxed e-con e-parent\" data-id=\"fa95bda\" data-element_type=\"container\">\n\t\t\t\t\t<div class=\"e-con-inner\">\n\t\t\t\t<div class=\"elementor-element elementor-element-fc0a80e elementor-widget elementor-widget-image\" data-id=\"fc0a80e\" data-element_type=\"widget\" data-widget_type=\"image.default\">\n\t\t\t\t<div class=\"elementor-widget-container\">\n\t\t\t<style>\/*! elementor - v3.23.0 - 25-07-2024 *\/\n.elementor-widget-image{text-align:center}.elementor-widget-image a{display:inline-block}.elementor-widget-image a img[src$=\".svg\"]{width:48px}.elementor-widget-image img{vertical-align:middle;display:inline-block}<\/style>\t\t\t\t\t\t\t\t\t\t<img fetchpriority=\"high\" decoding=\"async\" width=\"768\" height=\"768\" src=\"https:\/\/ciadef.com.br\/wp-content\/uploads\/2024\/09\/estomago-768x768.png\" class=\"attachment-medium_large size-medium_large wp-image-214\" alt=\"\" srcset=\"https:\/\/ciadef.com.br\/wp-content\/uploads\/2024\/09\/estomago-768x768.png 768w, https:\/\/ciadef.com.br\/wp-content\/uploads\/2024\/09\/estomago-300x300.png 300w, https:\/\/ciadef.com.br\/wp-content\/uploads\/2024\/09\/estomago-1024x1024.png 1024w, https:\/\/ciadef.com.br\/wp-content\/uploads\/2024\/09\/estomago-150x150.png 150w, https:\/\/ciadef.com.br\/wp-content\/uploads\/2024\/09\/estomago.png 1080w\" sizes=\"(max-width: 768px) 100vw, 768px\" \/>\t\t\t\t\t\t\t\t\t\t\t\t\t<\/div>\n\t\t\t\t<\/div>\n\t\t\t\t\t<\/div>\n\t\t\t\t<\/div>\n\t\t\t\t<\/div>\n\t\t","protected":false},"excerpt":{"rendered":"<p>Obesidade Ulcera, gastrite e Refluxo S\u00edndrome do Intestino Irrit\u00e1vel Hemorr\u00f3idas Endoscopia Digestiva Alta Endoscopia Digestiva baixa Bal\u00e3o Intrag\u00e1strico Constipa\u00e7\u00e3o Intestinal Doen\u00e7a Diverticular<\/p>\n","protected":false},"author":2,"featured_media":0,"parent":0,"menu_order":0,"comment_status":"closed","ping_status":"closed","template":"","meta":{"footnotes":""},"class_list":["post-337","page","type-page","status-publish","hentry"],"_links":{"self":[{"href":"https:\/\/ciadef.com.br\/index.php\/wp-json\/wp\/v2\/pages\/337","targetHints":{"allow":["GET"]}}],"collection":[{"href":"https:\/\/ciadef.com.br\/index.php\/wp-json\/wp\/v2\/pages"}],"about":[{"href":"https:\/\/ciadef.com.br\/index.php\/wp-json\/wp\/v2\/types\/page"}],"author":[{"embeddable":true,"href":"https:\/\/ciadef.com.br\/index.php\/wp-json\/wp\/v2\/users\/2"}],"replies":[{"embeddable":true,"href":"https:\/\/ciadef.com.br\/index.php\/wp-json\/wp\/v2\/comments?post=337"}],"version-history":[{"count":16,"href":"https:\/\/ciadef.com.br\/index.php\/wp-json\/wp\/v2\/pages\/337\/revisions"}],"predecessor-version":[{"id":416,"href":"https:\/\/ciadef.com.br\/index.php\/wp-json\/wp\/v2\/pages\/337\/revisions\/416"}],"wp:attachment":[{"href":"https:\/\/ciadef.com.br\/index.php\/wp-json\/wp\/v2\/media?parent=337"}],"curies":[{"name":"wp","href":"https:\/\/api.w.org\/{rel}","templated":true}]}}